{"id":428,"date":"2026-02-25T12:47:37","date_gmt":"2026-02-25T12:47:37","guid":{"rendered":"https:\/\/partnerbled.si\/?page_id=428"},"modified":"2026-02-25T12:52:04","modified_gmt":"2026-02-25T12:52:04","slug":"navodila","status":"publish","type":"page","link":"https:\/\/partnerbled.si\/index.php\/navodila\/","title":{"rendered":"Navodila"},"content":{"rendered":"\n<h3 class=\"wp-block-heading\">Kako poteka postopek?<\/h3>\n\n\n\n<p>Sistem deluje po principu \u00bbnaro\u010di od doma, prevzemi pripravljeno\u00ab:<\/p>\n\n\n\n<ol class=\"wp-block-list\">\n<li><strong>Registracija (samo prvi\u010d):<\/strong> \u010ce ra\u010duna \u0161e nimate, se je potrebno najprej registrirati na povezavi: <a href=\"https:\/\/partnerbled.si\/index.php\/prijava-in-registracija\/\">Registracija &#8211; PartnerBled<\/a>.<\/li>\n\n\n\n<li><strong>Potrditev skrbnika:<\/strong> Po oddani registraciji bo skrbnik sistema preveril va\u0161e podatke, potrdil registracijo in na va\u0161 ra\u010dun dodelil pripadajo\u010de brezpla\u010dne letne koli\u010dine materialov. O aktivaciji boste obve\u0161\u010deni po e-po\u0161ti.<\/li>\n\n\n\n<li><strong>Prijava in oddaja naro\u010dila:<\/strong> Ko je va\u0161 ra\u010dun aktiviran, se preprosto prijavite. V aplikaciji boste \u017ee imeli na vpogled vse dodeljene materiale \u2013 izberite \u017eelene koli\u010dine in oddajte naro\u010dilo.<\/li>\n\n\n\n<li><strong>Priprava:<\/strong> Ko va\u0161e naro\u010dilo prejmemo, bo na\u0161a ekipa v najkraj\u0161em mo\u017enem \u010dasu pripravila materiale za prevzem.<\/li>\n\n\n\n<li><strong>Obvestilo in prevzem:<\/strong> O tem, da so materiali pripravljeni, boste obve\u0161\u010deni preko e-po\u0161te. Prevzem nato opravite v <strong>Infocentru Triglavska ro\u017ea Bled<\/strong>.<\/li>\n<\/ol>\n\n\n\n<p>Prepri\u010dani smo, da bo tak\u0161en na\u010din dela omogo\u010dil pravi\u010dnej\u0161o, hitrej\u0161o in kvalitetnej\u0161o izku\u0161njo pri oskrbi z gradivi, hkrati pa prinesel ve\u010djo preglednost in bolj\u0161o storitev za na\u0161e skupne goste.<\/p>\n\n\n\n<p>Za morebitna vpra\u0161anja smo vam na voljo na znanih kontaktih.<\/p>\n\n\n\n<p>Lep pozdrav,<\/p>\n\n\n\n<p><strong>Ekipa Turizma Bled<\/strong><\/p>\n","protected":false},"excerpt":{"rendered":"<p>Kako poteka postopek? Sistem deluje po principu \u00bbnaro\u010di od doma, prevzemi pripravljeno\u00ab: Prepri\u010dani smo, da bo tak\u0161en na\u010din dela omogo\u010dil [&hellip;]<\/p>\n","protected":false},"author":6,"featured_media":0,"parent":0,"menu_order":0,"comment_status":"closed","ping_status":"closed","template":"","meta":{"site-sidebar-layout":"default","site-content-layout":"","ast-site-content-layout":"default","site-content-style":"default","site-sidebar-style":"default","ast-global-header-display":"","ast-banner-title-visibility":"","ast-main-header-display":"","ast-hfb-above-header-display":"","ast-hfb-below-header-display":"","ast-hfb-mobile-header-display":"","site-post-title":"","ast-breadcrumbs-content":"","ast-featured-img":"","footer-sml-layout":"","ast-disable-related-posts":"","theme-transparent-header-meta":"","adv-header-id-meta":"","stick-header-meta":"","header-above-stick-meta":"","header-main-stick-meta":"","header-below-stick-meta":"","astra-migrate-meta-layouts":"default","ast-page-background-enabled":"default","ast-page-background-meta":{"desktop":{"background-color":"var(--ast-global-color-5)","background-image":"","background-repeat":"repeat","background-position":"center center","background-size":"auto","background-attachment":"scroll","background-type":"","background-media":"","overlay-type":"","overlay-color":"","overlay-opacity":"","overlay-gradient":""},"tablet":{"background-color":"","background-image":"","background-repeat":"repeat","background-position":"center center","background-size":"auto","background-attachment":"scroll","background-type":"","background-media":"","overlay-type":"","overlay-color":"","overlay-opacity":"","overlay-gradient":""},"mobile":{"background-color":"","background-image":"","background-repeat":"repeat","background-position":"center center","background-size":"auto","background-attachment":"scroll","background-type":"","background-media":"","overlay-type":"","overlay-color":"","overlay-opacity":"","overlay-gradient":""}},"ast-content-background-meta":{"desktop":{"background-color":"var(--ast-global-color-4)","background-image":"","background-repeat":"repeat","background-position":"center center","background-size":"auto","background-attachment":"scroll","background-type":"","background-media":"","overlay-type":"","overlay-color":"","overlay-opacity":"","overlay-gradient":""},"tablet":{"background-color":"var(--ast-global-color-4)","background-image":"","background-repeat":"repeat","background-position":"center center","background-size":"auto","background-attachment":"scroll","background-type":"","background-media":"","overlay-type":"","overlay-color":"","overlay-opacity":"","overlay-gradient":""},"mobile":{"background-color":"var(--ast-global-color-4)","background-image":"","background-repeat":"repeat","background-position":"center center","background-size":"auto","background-attachment":"scroll","background-type":"","background-media":"","overlay-type":"","overlay-color":"","overlay-opacity":"","overlay-gradient":""}},"footnotes":""},"class_list":["post-428","page","type-page","status-publish","hentry"],"yoast_head":"<!-- This site is optimized with the Yoast SEO plugin v27.4 - https:\/\/yoast.com\/product\/yoast-seo-wordpress\/ -->\n<title>Navodila - PartnerBled<\/title>\n<meta name=\"robots\" content=\"index, follow, max-snippet:-1, max-image-preview:large, max-video-preview:-1\" \/>\n<link rel=\"canonical\" href=\"https:\/\/partnerbled.si\/index.php\/navodila\/\" \/>\n<meta property=\"og:locale\" content=\"sl_SI\" \/>\n<meta property=\"og:type\" content=\"article\" \/>\n<meta property=\"og:title\" content=\"Navodila - PartnerBled\" \/>\n<meta property=\"og:description\" content=\"Kako poteka postopek? Sistem deluje po principu \u00bbnaro\u010di od doma, prevzemi pripravljeno\u00ab: Prepri\u010dani smo, da bo tak\u0161en na\u010din dela omogo\u010dil [&hellip;]\" \/>\n<meta property=\"og:url\" content=\"https:\/\/partnerbled.si\/index.php\/navodila\/\" \/>\n<meta property=\"og:site_name\" content=\"PartnerBled\" \/>\n<meta property=\"article:modified_time\" content=\"2026-02-25T12:52:04+00:00\" \/>\n<meta name=\"twitter:card\" content=\"summary_large_image\" \/>\n<meta name=\"twitter:label1\" content=\"Est. reading time\" \/>\n\t<meta name=\"twitter:data1\" content=\"1 minuta\" \/>\n<script type=\"application\/ld+json\" class=\"yoast-schema-graph\">{\"@context\":\"https:\\\/\\\/schema.org\",\"@graph\":[{\"@type\":\"WebPage\",\"@id\":\"https:\\\/\\\/partnerbled.si\\\/index.php\\\/navodila\\\/\",\"url\":\"https:\\\/\\\/partnerbled.si\\\/index.php\\\/navodila\\\/\",\"name\":\"Navodila - PartnerBled\",\"isPartOf\":{\"@id\":\"https:\\\/\\\/partnerbled.si\\\/#website\"},\"datePublished\":\"2026-02-25T12:47:37+00:00\",\"dateModified\":\"2026-02-25T12:52:04+00:00\",\"breadcrumb\":{\"@id\":\"https:\\\/\\\/partnerbled.si\\\/index.php\\\/navodila\\\/#breadcrumb\"},\"inLanguage\":\"sl-SI\",\"potentialAction\":[{\"@type\":\"ReadAction\",\"target\":[\"https:\\\/\\\/partnerbled.si\\\/index.php\\\/navodila\\\/\"]}]},{\"@type\":\"BreadcrumbList\",\"@id\":\"https:\\\/\\\/partnerbled.si\\\/index.php\\\/navodila\\\/#breadcrumb\",\"itemListElement\":[{\"@type\":\"ListItem\",\"position\":1,\"name\":\"Home\",\"item\":\"https:\\\/\\\/partnerbled.si\\\/\"},{\"@type\":\"ListItem\",\"position\":2,\"name\":\"Navodila\"}]},{\"@type\":\"WebSite\",\"@id\":\"https:\\\/\\\/partnerbled.si\\\/#website\",\"url\":\"https:\\\/\\\/partnerbled.si\\\/\",\"name\":\"PartnerBled\",\"description\":\"\",\"publisher\":{\"@id\":\"https:\\\/\\\/partnerbled.si\\\/#organization\"},\"potentialAction\":[{\"@type\":\"SearchAction\",\"target\":{\"@type\":\"EntryPoint\",\"urlTemplate\":\"https:\\\/\\\/partnerbled.si\\\/?s={search_term_string}\"},\"query-input\":{\"@type\":\"PropertyValueSpecification\",\"valueRequired\":true,\"valueName\":\"search_term_string\"}}],\"inLanguage\":\"sl-SI\"},{\"@type\":\"Organization\",\"@id\":\"https:\\\/\\\/partnerbled.si\\\/#organization\",\"name\":\"PartnerBled\",\"url\":\"https:\\\/\\\/partnerbled.si\\\/\",\"logo\":{\"@type\":\"ImageObject\",\"inLanguage\":\"sl-SI\",\"@id\":\"https:\\\/\\\/partnerbled.si\\\/#\\\/schema\\\/logo\\\/image\\\/\",\"url\":\"https:\\\/\\\/partnerbled.si\\\/wp-content\\\/uploads\\\/2025\\\/12\\\/cropped-Logo-Bled.png\",\"contentUrl\":\"https:\\\/\\\/partnerbled.si\\\/wp-content\\\/uploads\\\/2025\\\/12\\\/cropped-Logo-Bled.png\",\"width\":1213,\"height\":840,\"caption\":\"PartnerBled\"},\"image\":{\"@id\":\"https:\\\/\\\/partnerbled.si\\\/#\\\/schema\\\/logo\\\/image\\\/\"}}]}<\/script>\n<!-- \/ Yoast SEO plugin. -->","yoast_head_json":{"title":"Navodila - PartnerBled","robots":{"index":"index","follow":"follow","max-snippet":"max-snippet:-1","max-image-preview":"max-image-preview:large","max-video-preview":"max-video-preview:-1"},"canonical":"https:\/\/partnerbled.si\/index.php\/navodila\/","og_locale":"sl_SI","og_type":"article","og_title":"Navodila - PartnerBled","og_description":"Kako poteka postopek? Sistem deluje po principu \u00bbnaro\u010di od doma, prevzemi pripravljeno\u00ab: Prepri\u010dani smo, da bo tak\u0161en na\u010din dela omogo\u010dil [&hellip;]","og_url":"https:\/\/partnerbled.si\/index.php\/navodila\/","og_site_name":"PartnerBled","article_modified_time":"2026-02-25T12:52:04+00:00","twitter_card":"summary_large_image","twitter_misc":{"Est. reading time":"1 minuta"},"schema":{"@context":"https:\/\/schema.org","@graph":[{"@type":"WebPage","@id":"https:\/\/partnerbled.si\/index.php\/navodila\/","url":"https:\/\/partnerbled.si\/index.php\/navodila\/","name":"Navodila - PartnerBled","isPartOf":{"@id":"https:\/\/partnerbled.si\/#website"},"datePublished":"2026-02-25T12:47:37+00:00","dateModified":"2026-02-25T12:52:04+00:00","breadcrumb":{"@id":"https:\/\/partnerbled.si\/index.php\/navodila\/#breadcrumb"},"inLanguage":"sl-SI","potentialAction":[{"@type":"ReadAction","target":["https:\/\/partnerbled.si\/index.php\/navodila\/"]}]},{"@type":"BreadcrumbList","@id":"https:\/\/partnerbled.si\/index.php\/navodila\/#breadcrumb","itemListElement":[{"@type":"ListItem","position":1,"name":"Home","item":"https:\/\/partnerbled.si\/"},{"@type":"ListItem","position":2,"name":"Navodila"}]},{"@type":"WebSite","@id":"https:\/\/partnerbled.si\/#website","url":"https:\/\/partnerbled.si\/","name":"PartnerBled","description":"","publisher":{"@id":"https:\/\/partnerbled.si\/#organization"},"potentialAction":[{"@type":"SearchAction","target":{"@type":"EntryPoint","urlTemplate":"https:\/\/partnerbled.si\/?s={search_term_string}"},"query-input":{"@type":"PropertyValueSpecification","valueRequired":true,"valueName":"search_term_string"}}],"inLanguage":"sl-SI"},{"@type":"Organization","@id":"https:\/\/partnerbled.si\/#organization","name":"PartnerBled","url":"https:\/\/partnerbled.si\/","logo":{"@type":"ImageObject","inLanguage":"sl-SI","@id":"https:\/\/partnerbled.si\/#\/schema\/logo\/image\/","url":"https:\/\/partnerbled.si\/wp-content\/uploads\/2025\/12\/cropped-Logo-Bled.png","contentUrl":"https:\/\/partnerbled.si\/wp-content\/uploads\/2025\/12\/cropped-Logo-Bled.png","width":1213,"height":840,"caption":"PartnerBled"},"image":{"@id":"https:\/\/partnerbled.si\/#\/schema\/logo\/image\/"}}]}},"_links":{"self":[{"href":"https:\/\/partnerbled.si\/index.php\/wp-json\/wp\/v2\/pages\/428","targetHints":{"allow":["GET"]}}],"collection":[{"href":"https:\/\/partnerbled.si\/index.php\/wp-json\/wp\/v2\/pages"}],"about":[{"href":"https:\/\/partnerbled.si\/index.php\/wp-json\/wp\/v2\/types\/page"}],"author":[{"embeddable":true,"href":"https:\/\/partnerbled.si\/index.php\/wp-json\/wp\/v2\/users\/6"}],"replies":[{"embeddable":true,"href":"https:\/\/partnerbled.si\/index.php\/wp-json\/wp\/v2\/comments?post=428"}],"version-history":[{"count":2,"href":"https:\/\/partnerbled.si\/index.php\/wp-json\/wp\/v2\/pages\/428\/revisions"}],"predecessor-version":[{"id":432,"href":"https:\/\/partnerbled.si\/index.php\/wp-json\/wp\/v2\/pages\/428\/revisions\/432"}],"wp:attachment":[{"href":"https:\/\/partnerbled.si\/index.php\/wp-json\/wp\/v2\/media?parent=428"}],"curies":[{"name":"wp","href":"https:\/\/api.w.org\/{rel}","templated":true}]}}