{"id":277,"date":"2026-01-31T10:59:50","date_gmt":"2026-01-31T10:59:50","guid":{"rendered":"https:\/\/partnerbled.si\/?page_id=277"},"modified":"2026-01-31T10:59:52","modified_gmt":"2026-01-31T10:59:52","slug":"prijava-in-registracija","status":"publish","type":"page","link":"https:\/\/partnerbled.si\/index.php\/prijava-in-registracija\/","title":{"rendered":"Prijava in registracija"},"content":{"rendered":"\n<div class=\"tbm-auth-container\">\n    <div class=\"tbm-auth-tabs\">\n        <button class=\"tbm-auth-tab active\" data-target=\"login\">Prijava<\/button>\n        <button class=\"tbm-auth-tab\" data-target=\"register\">Registracija<\/button>\n    <\/div>\n\n    <div class=\"tbm-auth-content\">\n        <div id=\"tbm-auth-login\" class=\"tbm-auth-pane active\">\n            \n\n<div class=\"tbm-login-wrapper\">\n    \n<form name=\"tbm_login_form\" id=\"tbm-custom-login-form\" action=\"https:\/\/partnerbled.si\/index.php\/prijava-in-registracija\/\" method=\"post\" class=\"tbm-login-form\">\n    <input type=\"hidden\" id=\"tbm_login_nonce\" name=\"tbm_login_nonce\" value=\"88ce0ace7b\" \/><input type=\"hidden\" name=\"_wp_http_referer\" value=\"\/index.php\/wp-json\/wp\/v2\/pages\/277\" \/>    <input type=\"hidden\" name=\"tbm_login_submitted\" value=\"1\">\n\n    <div class=\"tbm-form-section\">\n        <h3>Prijava<\/h3>\n        \n        <div class=\"tbm-form-group\">\n            <label for=\"user_login\">E-po\u0161ta<\/label>\n            <input type=\"email\" name=\"log\" id=\"user_login\" class=\"input\" value=\"\" size=\"20\" required autocomplete=\"email\">\n        <\/div>\n\n        <div class=\"tbm-form-group\">\n            <label for=\"user_pass\">Geslo<\/label>\n            <input type=\"password\" name=\"pwd\" id=\"user_pass\" class=\"input\" value=\"\" size=\"20\" required>\n        <\/div>\n\n        <div class=\"tbm-form-group\">\n            <label class=\"tbm-checkbox-label\">\n                <input name=\"rememberme\" type=\"checkbox\" id=\"rememberme\" value=\"forever\">\n                <span class=\"tbm-checkbox-text\">\n                    Zapomni si me                <\/span>\n            <\/label>\n        <\/div>\n\n        <div class=\"tbm-form-actions\">\n            <button type=\"submit\" name=\"wp-submit\" id=\"wp-submit\" class=\"tbm-submit-btn\">\n                Prijava            <\/button>\n            <input type=\"hidden\" name=\"redirect_to\" value=\"https:\/\/partnerbled.si\/index.php\/mojracun\/\">\n        <\/div>\n\n        <div class=\"tbm-login-links\">\n            <a href=\"https:\/\/partnerbled.si\/index.php\/mojracun\/lost-password\/\">\n                Ste pozabili geslo?            <\/a>\n        <\/div>\n    <\/div>\n<\/form>\n<\/div>\n        <\/div>\n        \n        <div id=\"tbm-auth-register\" class=\"tbm-auth-pane\">\n            \n<form id=\"tbm-registration-form\" class=\"tbm-registration-form \" >\n            <input type=\"hidden\" id=\"tbm_registration_nonce\" name=\"tbm_registration_nonce\" value=\"bd43db5331\" \/><input type=\"hidden\" name=\"_wp_http_referer\" value=\"\/index.php\/wp-json\/wp\/v2\/pages\/277\" \/>    \n    <div class=\"tbm-form-section\">\n        <h3>Osnovni podatki<\/h3>\n        \n        <div class=\"tbm-form-row\">\n            <div class=\"tbm-form-group\">\n                <label for=\"email\">E-po\u0161tni naslov <span class=\"required\">*<\/span><\/label>\n                <input type=\"email\" id=\"email\" name=\"reg_email\" required \n                       placeholder=\"npr. info@podjetje.si\">\n                <div class=\"tbm-field-error\" id=\"email-error\"><\/div>\n            <\/div>\n            \n                    <\/div>\n        \n        <div class=\"tbm-form-row\">\n            <div class=\"tbm-form-group\">\n                <label for=\"contact_person\">Kontaktna oseba <span class=\"required\">*<\/span><\/label>\n                <input type=\"text\" id=\"contact_person\" name=\"contact_person\" required placeholder=\"Ime in priimek\">\n                <div class=\"tbm-field-error\" id=\"contact_person-error\"><\/div>\n            <\/div>\n        <\/div>\n        \n        <div class=\"tbm-form-row\">\n            <div class=\"tbm-form-group\">\n                <label for=\"reg_password\">Geslo <span class=\"required\">*<\/span><\/label>\n                <input type=\"password\" id=\"reg_password\" name=\"reg_password\" required minlength=\"6\">\n                <div class=\"tbm-field-error\" id=\"password-error\"><\/div>\n            <\/div>\n            \n                        <div class=\"tbm-form-group\">\n                <label for=\"confirm_password\">Potrdite geslo <span class=\"required\">*<\/span><\/label>\n                <input type=\"password\" id=\"confirm_password\" name=\"reg_confirm_password\" required>\n                <div class=\"tbm-field-error\" id=\"confirm_password-error\"><\/div>\n            <\/div>\n                    <\/div>\n        \n        <div class=\"tbm-form-group\">\n            <label for=\"phone\">Telefonska \u0161tevilka <span class=\"required\">*<\/span><\/label>\n            <input type=\"tel\" id=\"phone\" name=\"phone\" required>\n            <div class=\"tbm-field-error\" id=\"phone-error\"><\/div>\n        <\/div>\n        \n        <div class=\"tbm-form-group\">\n            <label for=\"partner_type\">Tip partnerja <span class=\"required\">*<\/span><\/label>\n            <select id=\"partner_type\" name=\"partner_type\" required>\n                <option value=\"\">-- Izberite tip --<\/option>\n                <option value=\"Agencija\" data-id=\"5\" data-has-bed-count=\"0\">Agencija<\/option><option value=\"Apartma\" data-id=\"3\" data-has-bed-count=\"1\">Apartma<\/option><option value=\"Atrakcije\" data-id=\"7\" data-has-bed-count=\"0\">Atrakcije<\/option><option value=\"Hotel\" data-id=\"1\" data-has-bed-count=\"1\">Hotel<\/option><option value=\"Kamp \/ Glamp\" data-id=\"4\" data-has-bed-count=\"1\">Kamp \/ Glamp<\/option><option value=\"Ostalo\" data-id=\"8\" data-has-bed-count=\"0\">Ostalo<\/option><option value=\"Penzion\" data-id=\"2\" data-has-bed-count=\"1\">Penzion<\/option><option value=\"Restavracija\" data-id=\"6\" data-has-bed-count=\"0\">Restavracija<\/option><option value=\"Skrbnik\" data-id=\"9\" data-has-bed-count=\"0\">Skrbnik<\/option><option value=\"Turisti\u010dna kmetija\" data-id=\"10\" data-has-bed-count=\"1\">Turisti\u010dna kmetija<\/option>            <\/select>\n            <div class=\"tbm-field-error\" id=\"partner_type-error\"><\/div>\n        <\/div>\n                <div id=\"frontend-bed-count-wrapper\" class=\"tbm-form-group\" style=\"display: none;\">\n            <label for=\"reg_bed_count\">\u0160tevilo le\u017ei\u0161\u010d <span class=\"required\" id=\"frontend-bed-count-required\">*<\/span><\/label>\n            <input type=\"number\" id=\"reg_bed_count\" name=\"reg_bed_count\" min=\"0\" value=\"0\" placeholder=\"0\">\n            <small class=\"tbm-field-help\">\u0160tevilo le\u017ei\u0161\u010d se uporablja za izra\u010dun letne ko\u0161arice.<\/small>\n            <div class=\"tbm-field-error\" id=\"bed_count-error\"><\/div>\n        <\/div>\n            <\/div>\n    \n    <div class=\"tbm-form-section\">\n        <h3>Podatki podjetja<\/h3>\n        \n        <div class=\"tbm-form-row\">\n            <div class=\"tbm-form-group\">\n                <label for=\"company_name\">Naziv partnerja <span class=\"required\">*<\/span><\/label>\n                <input type=\"text\" id=\"company_name\" name=\"company_name\" required>\n                <div class=\"tbm-field-error\" id=\"company_name-error\"><\/div>\n            <\/div>\n            \n            <div class=\"tbm-form-group\">\n                <label for=\"tax_number\">Dav\u010dna \u0161tevilka <span class=\"required\">*<\/span><\/label>\n                <input type=\"text\" id=\"tax_number\" name=\"tax_number\" required placeholder=\"12345678\">\n                <small class=\"tbm-field-help\">Vnesite dav\u010dno \u0161tevilko brez predpone SI - natanko 8 \u0161tevilk<\/small>\n                <div class=\"tbm-field-error\" id=\"tax_number-error\"><\/div>\n            <\/div>\n        <\/div>\n        \n        <div class=\"tbm-form-row\">\n            <div class=\"tbm-form-group\">\n                <label for=\"street\">Ulica <span class=\"required\">*<\/span><\/label>\n                <input type=\"text\" id=\"street\" name=\"street\" required placeholder=\"npr. Pre\u0161ernova\">\n                <div class=\"tbm-field-error\" id=\"street-error\"><\/div>\n            <\/div>\n            \n            <div class=\"tbm-form-group\">\n                <label for=\"street_number\">\u0160tevilka <span class=\"required\">*<\/span><\/label>\n                <input type=\"text\" id=\"street_number\" name=\"street_number\" required placeholder=\"npr. 15\">\n                <div class=\"tbm-field-error\" id=\"street_number-error\"><\/div>\n            <\/div>\n        <\/div>\n        \n        <div class=\"tbm-form-row\">\n            <div class=\"tbm-form-group\">\n                <label for=\"postal_code\">Po\u0161tna \u0161tevilka <span class=\"required\">*<\/span><\/label>\n                <input type=\"text\" id=\"postal_code\" name=\"postal_code\" required placeholder=\"1000\">\n                <div class=\"tbm-field-error\" id=\"postal_code-error\"><\/div>\n            <\/div>\n            \n            <div class=\"tbm-form-group\">\n                <label for=\"city\">Po\u0161ta <span class=\"required\">*<\/span><\/label>\n                <input type=\"text\" id=\"city\" name=\"city\" required placeholder=\"npr. Ljubljana\">\n                <div class=\"tbm-field-error\" id=\"city-error\"><\/div>\n            <\/div>\n        <\/div>\n\n                \n        <div class=\"tbm-form-group\">\n            <label class=\"tbm-checkbox-label\">\n                <input type=\"checkbox\" id=\"is_bled_subject\" name=\"is_bled_subject\" value=\"1\">\n                <span class=\"tbm-checkbox-text\">\n                    Ponudnik je v Ob\u010dini Bled                <\/span>\n            <\/label>\n            <small class=\"tbm-field-help\">Ozna\u010dite, \u010de se va\u0161 subjekt nahaja v ob\u010dini Bled<\/small>\n        <\/div>\n    <\/div>\n    \n        <div class=\"tbm-form-section\">\n        <h3>Pogoji uporabe<\/h3>\n        \n        <div class=\"tbm-form-group\">\n            <label class=\"tbm-checkbox-label\">\n                <input type=\"checkbox\" id=\"terms_accepted\" name=\"terms_accepted\" required>\n                <span class=\"tbm-checkbox-text\">\n                    Strinjam se s pogoji uporabe in pravilnikom o zasebnosti                    <span class=\"required\">*<\/span>\n                <\/span>\n            <\/label>\n            <div class=\"tbm-field-error\" id=\"terms_accepted-error\"><\/div>\n        <\/div>\n        \n        <div class=\"tbm-form-group\">\n            <label class=\"tbm-checkbox-label\">\n                <input type=\"checkbox\" id=\"newsletter\" name=\"newsletter\">\n                <span class=\"tbm-checkbox-text\">\n                    \u017delim prejemati obvestila o novostih in promocijah                <\/span>\n            <\/label>\n        <\/div>\n    <\/div>\n        \n    <div class=\"tbm-form-actions\">\n                    <button type=\"submit\" class=\"tbm-submit-btn\" id=\"submit-registration\">\n                Oddaj registracijo            <\/button>\n            <\/div>\n<\/form>\n        <\/div>\n    <\/div>\n<\/div>\n\n<style>\n\/* Scoped styles for Auth Page *\/\n.tbm-auth-container {\n    max-width: 800px;\n    margin: 40px auto;\n    font-family: -apple-system, BlinkMacSystemFont, \"Segoe UI\", Roboto, Helvetica, Arial, sans-serif;\n}\n\n.tbm-auth-tabs {\n    display: flex;\n    justify-content: center;\n    margin-bottom: 24px;\n    border-bottom: 2px solid #e5e7eb;\n}\n\n.tbm-auth-tab {\n    background: none;\n    border: none;\n    padding: 12px 24px;\n    font-size: 16px;\n    font-weight: 600;\n    color: #6b7280;\n    cursor: pointer;\n    border-bottom: 2px solid transparent;\n    margin-bottom: -2px;\n    transition: all 0.2s;\n}\n\n.tbm-auth-tab.active {\n    color: #004d40;\n    border-bottom-color: #004d40;\n}\n\n.tbm-auth-tab:hover:not(.active) {\n    color: #1f2937;\n}\n\n.tbm-auth-pane { \/* Fixed typo: tbm-auth-pane instead of tmm-auth-pane *\/\n    display: none;\n    animation: fadeIn 0.3s ease-in-out;\n}\n\n.tbm-auth-pane.active {\n    display: block;\n}\n\n@keyframes fadeIn {\n    from { opacity: 0; transform: translateY(10px); }\n    to { opacity: 1; transform: translateY(0); }\n}\n\n\/* Ensure reusable forms look correct inside tabs *\/\n.tbm-auth-pane .tbm-registration-form,\n.tbm-auth-pane .tbm-login-form {\n    max-width: 600px;\n    margin: 0 auto;\n    background: #fff;\n    padding: 32px;\n    border-radius: 8px;\n    box-shadow: 0 1px 3px rgba(0,0,0,0.1);\n    border: 1px solid #e5e7eb;\n}\n\n.tbm-login-links {\n    margin-top: 16px;\n    text-align: center;\n    font-size: 14px;\n}\n\n.tbm-login-links a {\n    color: #004d40;\n    text-decoration: none;\n}\n\n.tbm-login-links a:hover {\n    text-decoration: underline;\n}\n\n@media (max-width: 640px) {\n    .tbm-auth-tabs {\n        flex-direction: column;\n        border-bottom: none;\n    }\n    .tbm-auth-tab {\n        width: 100%;\n        border-bottom: 1px solid #e5e7eb;\n        text-align: center;\n        margin-bottom: 0;\n    }\n    .tbm-auth-tab.active {\n        background-color: #f3f4f6;\n        border-bottom-color: #e5e7eb;\n    }\n}\n<\/style>\n\n<script>\njQuery(document).ready(function($) {\n    $('.tbm-auth-tab').on('click', function() {\n        var target = $(this).data('target');\n        \n        \/\/ Update tabs\n        $('.tbm-auth-tab').removeClass('active');\n        $(this).addClass('active');\n        \n        \/\/ Update content\n        $('.tbm-auth-pane').removeClass('active');\n        $('#tbm-auth-' + target).addClass('active');\n    });\n});\n<\/script>\n\n","protected":false},"excerpt":{"rendered":"","protected":false},"author":6,"featured_media":0,"parent":0,"menu_order":0,"comment_status":"closed","ping_status":"closed","template":"","meta":{"site-sidebar-layout":"default","site-content-layout":"","ast-site-content-layout":"default","site-content-style":"default","site-sidebar-style":"default","ast-global-header-display":"","ast-banner-title-visibility":"","ast-main-header-display":"","ast-hfb-above-header-display":"","ast-hfb-below-header-display":"","ast-hfb-mobile-header-display":"","site-post-title":"","ast-breadcrumbs-content":"","ast-featured-img":"","footer-sml-layout":"","ast-disable-related-posts":"","theme-transparent-header-meta":"","adv-header-id-meta":"","stick-header-meta":"","header-above-stick-meta":"","header-main-stick-meta":"","header-below-stick-meta":"","astra-migrate-meta-layouts":"default","ast-page-background-enabled":"default","ast-page-background-meta":{"desktop":{"background-color":"var(--ast-global-color-5)","background-image":"","background-repeat":"repeat","background-position":"center center","background-size":"auto","background-attachment":"scroll","background-type":"","background-media":"","overlay-type":"","overlay-color":"","overlay-opacity":"","overlay-gradient":""},"tablet":{"background-color":"","background-image":"","background-repeat":"repeat","background-position":"center center","background-size":"auto","background-attachment":"scroll","background-type":"","background-media":"","overlay-type":"","overlay-color":"","overlay-opacity":"","overlay-gradient":""},"mobile":{"background-color":"","background-image":"","background-repeat":"repeat","background-position":"center center","background-size":"auto","background-attachment":"scroll","background-type":"","background-media":"","overlay-type":"","overlay-color":"","overlay-opacity":"","overlay-gradient":""}},"ast-content-background-meta":{"desktop":{"background-color":"var(--ast-global-color-4)","background-image":"","background-repeat":"repeat","background-position":"center center","background-size":"auto","background-attachment":"scroll","background-type":"","background-media":"","overlay-type":"","overlay-color":"","overlay-opacity":"","overlay-gradient":""},"tablet":{"background-color":"var(--ast-global-color-4)","background-image":"","background-repeat":"repeat","background-position":"center center","background-size":"auto","background-attachment":"scroll","background-type":"","background-media":"","overlay-type":"","overlay-color":"","overlay-opacity":"","overlay-gradient":""},"mobile":{"background-color":"var(--ast-global-color-4)","background-image":"","background-repeat":"repeat","background-position":"center center","background-size":"auto","background-attachment":"scroll","background-type":"","background-media":"","overlay-type":"","overlay-color":"","overlay-opacity":"","overlay-gradient":""}},"footnotes":""},"class_list":["post-277","page","type-page","status-publish","hentry"],"yoast_head":"<!-- This site is optimized with the Yoast SEO plugin v27.4 - https:\/\/yoast.com\/product\/yoast-seo-wordpress\/ -->\n<title>Prijava in registracija - PartnerBled<\/title>\n<meta name=\"robots\" content=\"index, follow, max-snippet:-1, max-image-preview:large, max-video-preview:-1\" \/>\n<link rel=\"canonical\" href=\"https:\/\/partnerbled.si\/index.php\/prijava-in-registracija\/\" \/>\n<meta property=\"og:locale\" content=\"sl_SI\" \/>\n<meta property=\"og:type\" content=\"article\" \/>\n<meta property=\"og:title\" content=\"Prijava in registracija - PartnerBled\" \/>\n<meta property=\"og:url\" content=\"https:\/\/partnerbled.si\/index.php\/prijava-in-registracija\/\" \/>\n<meta property=\"og:site_name\" content=\"PartnerBled\" \/>\n<meta property=\"article:modified_time\" content=\"2026-01-31T10:59:52+00:00\" \/>\n<meta name=\"twitter:card\" content=\"summary_large_image\" \/>\n<meta name=\"twitter:label1\" content=\"Est. reading time\" \/>\n\t<meta name=\"twitter:data1\" content=\"1 minuta\" \/>\n<script type=\"application\/ld+json\" class=\"yoast-schema-graph\">{\"@context\":\"https:\\\/\\\/schema.org\",\"@graph\":[{\"@type\":\"WebPage\",\"@id\":\"https:\\\/\\\/partnerbled.si\\\/index.php\\\/prijava-in-registracija\\\/\",\"url\":\"https:\\\/\\\/partnerbled.si\\\/index.php\\\/prijava-in-registracija\\\/\",\"name\":\"Prijava in registracija - PartnerBled\",\"isPartOf\":{\"@id\":\"https:\\\/\\\/partnerbled.si\\\/#website\"},\"datePublished\":\"2026-01-31T10:59:50+00:00\",\"dateModified\":\"2026-01-31T10:59:52+00:00\",\"breadcrumb\":{\"@id\":\"https:\\\/\\\/partnerbled.si\\\/index.php\\\/prijava-in-registracija\\\/#breadcrumb\"},\"inLanguage\":\"sl-SI\",\"potentialAction\":[{\"@type\":\"ReadAction\",\"target\":[\"https:\\\/\\\/partnerbled.si\\\/index.php\\\/prijava-in-registracija\\\/\"]}]},{\"@type\":\"BreadcrumbList\",\"@id\":\"https:\\\/\\\/partnerbled.si\\\/index.php\\\/prijava-in-registracija\\\/#breadcrumb\",\"itemListElement\":[{\"@type\":\"ListItem\",\"position\":1,\"name\":\"Home\",\"item\":\"https:\\\/\\\/partnerbled.si\\\/\"},{\"@type\":\"ListItem\",\"position\":2,\"name\":\"Prijava in registracija\"}]},{\"@type\":\"WebSite\",\"@id\":\"https:\\\/\\\/partnerbled.si\\\/#website\",\"url\":\"https:\\\/\\\/partnerbled.si\\\/\",\"name\":\"PartnerBled\",\"description\":\"\",\"publisher\":{\"@id\":\"https:\\\/\\\/partnerbled.si\\\/#organization\"},\"potentialAction\":[{\"@type\":\"SearchAction\",\"target\":{\"@type\":\"EntryPoint\",\"urlTemplate\":\"https:\\\/\\\/partnerbled.si\\\/?s={search_term_string}\"},\"query-input\":{\"@type\":\"PropertyValueSpecification\",\"valueRequired\":true,\"valueName\":\"search_term_string\"}}],\"inLanguage\":\"sl-SI\"},{\"@type\":\"Organization\",\"@id\":\"https:\\\/\\\/partnerbled.si\\\/#organization\",\"name\":\"PartnerBled\",\"url\":\"https:\\\/\\\/partnerbled.si\\\/\",\"logo\":{\"@type\":\"ImageObject\",\"inLanguage\":\"sl-SI\",\"@id\":\"https:\\\/\\\/partnerbled.si\\\/#\\\/schema\\\/logo\\\/image\\\/\",\"url\":\"https:\\\/\\\/partnerbled.si\\\/wp-content\\\/uploads\\\/2025\\\/12\\\/cropped-Logo-Bled.png\",\"contentUrl\":\"https:\\\/\\\/partnerbled.si\\\/wp-content\\\/uploads\\\/2025\\\/12\\\/cropped-Logo-Bled.png\",\"width\":1213,\"height\":840,\"caption\":\"PartnerBled\"},\"image\":{\"@id\":\"https:\\\/\\\/partnerbled.si\\\/#\\\/schema\\\/logo\\\/image\\\/\"}}]}<\/script>\n<!-- \/ Yoast SEO plugin. -->","yoast_head_json":{"title":"Prijava in registracija - PartnerBled","robots":{"index":"index","follow":"follow","max-snippet":"max-snippet:-1","max-image-preview":"max-image-preview:large","max-video-preview":"max-video-preview:-1"},"canonical":"https:\/\/partnerbled.si\/index.php\/prijava-in-registracija\/","og_locale":"sl_SI","og_type":"article","og_title":"Prijava in registracija - PartnerBled","og_url":"https:\/\/partnerbled.si\/index.php\/prijava-in-registracija\/","og_site_name":"PartnerBled","article_modified_time":"2026-01-31T10:59:52+00:00","twitter_card":"summary_large_image","twitter_misc":{"Est. reading time":"1 minuta"},"schema":{"@context":"https:\/\/schema.org","@graph":[{"@type":"WebPage","@id":"https:\/\/partnerbled.si\/index.php\/prijava-in-registracija\/","url":"https:\/\/partnerbled.si\/index.php\/prijava-in-registracija\/","name":"Prijava in registracija - PartnerBled","isPartOf":{"@id":"https:\/\/partnerbled.si\/#website"},"datePublished":"2026-01-31T10:59:50+00:00","dateModified":"2026-01-31T10:59:52+00:00","breadcrumb":{"@id":"https:\/\/partnerbled.si\/index.php\/prijava-in-registracija\/#breadcrumb"},"inLanguage":"sl-SI","potentialAction":[{"@type":"ReadAction","target":["https:\/\/partnerbled.si\/index.php\/prijava-in-registracija\/"]}]},{"@type":"BreadcrumbList","@id":"https:\/\/partnerbled.si\/index.php\/prijava-in-registracija\/#breadcrumb","itemListElement":[{"@type":"ListItem","position":1,"name":"Home","item":"https:\/\/partnerbled.si\/"},{"@type":"ListItem","position":2,"name":"Prijava in registracija"}]},{"@type":"WebSite","@id":"https:\/\/partnerbled.si\/#website","url":"https:\/\/partnerbled.si\/","name":"PartnerBled","description":"","publisher":{"@id":"https:\/\/partnerbled.si\/#organization"},"potentialAction":[{"@type":"SearchAction","target":{"@type":"EntryPoint","urlTemplate":"https:\/\/partnerbled.si\/?s={search_term_string}"},"query-input":{"@type":"PropertyValueSpecification","valueRequired":true,"valueName":"search_term_string"}}],"inLanguage":"sl-SI"},{"@type":"Organization","@id":"https:\/\/partnerbled.si\/#organization","name":"PartnerBled","url":"https:\/\/partnerbled.si\/","logo":{"@type":"ImageObject","inLanguage":"sl-SI","@id":"https:\/\/partnerbled.si\/#\/schema\/logo\/image\/","url":"https:\/\/partnerbled.si\/wp-content\/uploads\/2025\/12\/cropped-Logo-Bled.png","contentUrl":"https:\/\/partnerbled.si\/wp-content\/uploads\/2025\/12\/cropped-Logo-Bled.png","width":1213,"height":840,"caption":"PartnerBled"},"image":{"@id":"https:\/\/partnerbled.si\/#\/schema\/logo\/image\/"}}]}},"_links":{"self":[{"href":"https:\/\/partnerbled.si\/index.php\/wp-json\/wp\/v2\/pages\/277","targetHints":{"allow":["GET"]}}],"collection":[{"href":"https:\/\/partnerbled.si\/index.php\/wp-json\/wp\/v2\/pages"}],"about":[{"href":"https:\/\/partnerbled.si\/index.php\/wp-json\/wp\/v2\/types\/page"}],"author":[{"embeddable":true,"href":"https:\/\/partnerbled.si\/index.php\/wp-json\/wp\/v2\/users\/6"}],"replies":[{"embeddable":true,"href":"https:\/\/partnerbled.si\/index.php\/wp-json\/wp\/v2\/comments?post=277"}],"version-history":[{"count":1,"href":"https:\/\/partnerbled.si\/index.php\/wp-json\/wp\/v2\/pages\/277\/revisions"}],"predecessor-version":[{"id":278,"href":"https:\/\/partnerbled.si\/index.php\/wp-json\/wp\/v2\/pages\/277\/revisions\/278"}],"wp:attachment":[{"href":"https:\/\/partnerbled.si\/index.php\/wp-json\/wp\/v2\/media?parent=277"}],"curies":[{"name":"wp","href":"https:\/\/api.w.org\/{rel}","templated":true}]}}